{"id":1479,"date":"2021-03-25T12:49:03","date_gmt":"2021-03-25T12:49:03","guid":{"rendered":"https:\/\/www.vilaalpina.si\/house-rules-and-policies\/"},"modified":"2026-04-05T13:24:30","modified_gmt":"2026-04-05T11:24:30","slug":"pravila-in-pogoji-rezervacije","status":"publish","type":"page","link":"https:\/\/www.vilaalpina.si\/sl\/pravila-in-pogoji-rezervacije\/","title":{"rendered":"Pravila in pogoji rezervacije"},"content":{"rendered":"","protected":false},"excerpt":{"rendered":"<p> [&#8230;]<\/p>\n<p><a class=\"btn btn-secondary understrap-read-more-link\" href=\"https:\/\/www.vilaalpina.si\/sl\/pravila-in-pogoji-rezervacije\/\">Preberi ve\u010d\u2026<\/a><\/p>\n","protected":false},"author":1,"featured_media":0,"parent":0,"menu_order":0,"comment_status":"closed","ping_status":"closed","template":"page-templates\/content-general-page.php","meta":{"_acf_changed":false,"footnotes":""},"class_list":["post-1479","page","type-page","status-publish","hentry"],"acf":[],"yoast_head":"<!-- This site is optimized with the Yoast SEO plugin v27.1.1 - https:\/\/yoast.com\/product\/yoast-seo-wordpress\/ -->\n<title>Pravila in pogoji rezervacije v Vila Alpina na Bledu | Burja Hotels<\/title>\n<meta name=\"description\" content=\"Dolo\u010dili smo pravila in pogoje rezervacije, da bi poskrbeli za ozave\u0161\u010denost in varnost na\u0161ih gostov ter prijetno izku\u0161njo v Vila Alpina.\" \/>\n<meta name=\"robots\" content=\"index, follow, max-snippet:-1, max-image-preview:large, max-video-preview:-1\" \/>\n<link rel=\"canonical\" href=\"https:\/\/www.vilaalpina.si\/sl\/pravila-in-pogoji-rezervacije\/\" \/>\n<meta property=\"og:locale\" content=\"sl_SI\" \/>\n<meta property=\"og:type\" content=\"article\" \/>\n<meta property=\"og:title\" content=\"Pravila in pogoji rezervacije v Vila Alpina na Bledu | Burja Hotels\" \/>\n<meta property=\"og:description\" content=\"Dolo\u010dili smo pravila in pogoje rezervacije, da bi poskrbeli za ozave\u0161\u010denost in varnost na\u0161ih gostov ter prijetno izku\u0161njo v Vila Alpina.\" \/>\n<meta property=\"og:url\" content=\"https:\/\/www.vilaalpina.si\/sl\/pravila-in-pogoji-rezervacije\/\" \/>\n<meta property=\"og:site_name\" content=\"Vila Alpina\" \/>\n<meta property=\"article:publisher\" content=\"https:\/\/www.facebook.com\/vilaalpinabled\" \/>\n<meta property=\"article:modified_time\" content=\"2026-04-05T11:24:30+00:00\" \/>\n<meta name=\"twitter:card\" content=\"summary_large_image\" \/>\n<meta name=\"twitter:title\" content=\"Pravila in pogoji rezervacije v Vila Alpina na Bledu | Burja Hotels\" \/>\n<meta name=\"twitter:description\" content=\"Dolo\u010dili smo pravila in pogoje rezervacije, da bi poskrbeli za ozave\u0161\u010denost in varnost na\u0161ih gostov ter prijetno izku\u0161njo v Vila Alpina.\" \/>\n<script type=\"application\/ld+json\" class=\"yoast-schema-graph\">{\"@context\":\"https:\/\/schema.org\",\"@graph\":[{\"@type\":\"WebPage\",\"@id\":\"https:\/\/www.vilaalpina.si\/sl\/pravila-in-pogoji-rezervacije\/\",\"url\":\"https:\/\/www.vilaalpina.si\/sl\/pravila-in-pogoji-rezervacije\/\",\"name\":\"Pravila in pogoji rezervacije v Vila Alpina na Bledu | Burja Hotels\",\"isPartOf\":{\"@id\":\"https:\/\/www.vilaalpina.si\/sl\/#website\"},\"datePublished\":\"2021-03-25T12:49:03+00:00\",\"dateModified\":\"2026-04-05T11:24:30+00:00\",\"description\":\"Dolo\u010dili smo pravila in pogoje rezervacije, da bi poskrbeli za ozave\u0161\u010denost in varnost na\u0161ih gostov ter prijetno izku\u0161njo v Vila Alpina.\",\"breadcrumb\":{\"@id\":\"https:\/\/www.vilaalpina.si\/sl\/pravila-in-pogoji-rezervacije\/#breadcrumb\"},\"inLanguage\":\"sl-SI\",\"potentialAction\":[{\"@type\":\"ReadAction\",\"target\":[\"https:\/\/www.vilaalpina.si\/sl\/pravila-in-pogoji-rezervacije\/\"]}]},{\"@type\":\"BreadcrumbList\",\"@id\":\"https:\/\/www.vilaalpina.si\/sl\/pravila-in-pogoji-rezervacije\/#breadcrumb\",\"itemListElement\":[{\"@type\":\"ListItem\",\"position\":1,\"name\":\"Home\",\"item\":\"https:\/\/www.vilaalpina.si\/sl\/\"},{\"@type\":\"ListItem\",\"position\":2,\"name\":\"Pravila in pogoji rezervacije\"}]},{\"@type\":\"WebSite\",\"@id\":\"https:\/\/www.vilaalpina.si\/sl\/#website\",\"url\":\"https:\/\/www.vilaalpina.si\/sl\/\",\"name\":\"Vila Alpina\",\"description\":\"Vila Alpina, A Boutique Guesthouse in Lake Bled\",\"publisher\":{\"@id\":\"https:\/\/www.vilaalpina.si\/sl\/#organization\"},\"potentialAction\":[{\"@type\":\"SearchAction\",\"target\":{\"@type\":\"EntryPoint\",\"urlTemplate\":\"https:\/\/www.vilaalpina.si\/sl\/?s={search_term_string}\"},\"query-input\":{\"@type\":\"PropertyValueSpecification\",\"valueRequired\":true,\"valueName\":\"search_term_string\"}}],\"inLanguage\":\"sl-SI\"},{\"@type\":\"Organization\",\"@id\":\"https:\/\/www.vilaalpina.si\/sl\/#organization\",\"name\":\"Vila Alpina\",\"url\":\"https:\/\/www.vilaalpina.si\/sl\/\",\"logo\":{\"@type\":\"ImageObject\",\"inLanguage\":\"sl-SI\",\"@id\":\"https:\/\/www.vilaalpina.si\/sl\/#\/schema\/logo\/image\/\",\"url\":\"https:\/\/www.vilaalpina.si\/wp-content\/uploads\/sites\/3\/2021\/03\/logo-vila-alpina-color.svg\",\"contentUrl\":\"https:\/\/www.vilaalpina.si\/wp-content\/uploads\/sites\/3\/2021\/03\/logo-vila-alpina-color.svg\",\"width\":1,\"height\":1,\"caption\":\"Vila Alpina\"},\"image\":{\"@id\":\"https:\/\/www.vilaalpina.si\/sl\/#\/schema\/logo\/image\/\"},\"sameAs\":[\"https:\/\/www.facebook.com\/vilaalpinabled\",\"https:\/\/www.instagram.com\/vilaalpinabled\",\"https:\/\/www.linkedin.com\/company\/burjahotels\"]}]}<\/script>\n<!-- \/ Yoast SEO plugin. -->","yoast_head_json":{"title":"Pravila in pogoji rezervacije v Vila Alpina na Bledu | Burja Hotels","description":"Dolo\u010dili smo pravila in pogoje rezervacije, da bi poskrbeli za ozave\u0161\u010denost in varnost na\u0161ih gostov ter prijetno izku\u0161njo v Vila Alpina.","robots":{"index":"index","follow":"follow","max-snippet":"max-snippet:-1","max-image-preview":"max-image-preview:large","max-video-preview":"max-video-preview:-1"},"canonical":"https:\/\/www.vilaalpina.si\/sl\/pravila-in-pogoji-rezervacije\/","og_locale":"sl_SI","og_type":"article","og_title":"Pravila in pogoji rezervacije v Vila Alpina na Bledu | Burja Hotels","og_description":"Dolo\u010dili smo pravila in pogoje rezervacije, da bi poskrbeli za ozave\u0161\u010denost in varnost na\u0161ih gostov ter prijetno izku\u0161njo v Vila Alpina.","og_url":"https:\/\/www.vilaalpina.si\/sl\/pravila-in-pogoji-rezervacije\/","og_site_name":"Vila Alpina","article_publisher":"https:\/\/www.facebook.com\/vilaalpinabled","article_modified_time":"2026-04-05T11:24:30+00:00","twitter_card":"summary_large_image","twitter_title":"Pravila in pogoji rezervacije v Vila Alpina na Bledu | Burja Hotels","twitter_description":"Dolo\u010dili smo pravila in pogoje rezervacije, da bi poskrbeli za ozave\u0161\u010denost in varnost na\u0161ih gostov ter prijetno izku\u0161njo v Vila Alpina.","schema":{"@context":"https:\/\/schema.org","@graph":[{"@type":"WebPage","@id":"https:\/\/www.vilaalpina.si\/sl\/pravila-in-pogoji-rezervacije\/","url":"https:\/\/www.vilaalpina.si\/sl\/pravila-in-pogoji-rezervacije\/","name":"Pravila in pogoji rezervacije v Vila Alpina na Bledu | Burja Hotels","isPartOf":{"@id":"https:\/\/www.vilaalpina.si\/sl\/#website"},"datePublished":"2021-03-25T12:49:03+00:00","dateModified":"2026-04-05T11:24:30+00:00","description":"Dolo\u010dili smo pravila in pogoje rezervacije, da bi poskrbeli za ozave\u0161\u010denost in varnost na\u0161ih gostov ter prijetno izku\u0161njo v Vila Alpina.","breadcrumb":{"@id":"https:\/\/www.vilaalpina.si\/sl\/pravila-in-pogoji-rezervacije\/#breadcrumb"},"inLanguage":"sl-SI","potentialAction":[{"@type":"ReadAction","target":["https:\/\/www.vilaalpina.si\/sl\/pravila-in-pogoji-rezervacije\/"]}]},{"@type":"BreadcrumbList","@id":"https:\/\/www.vilaalpina.si\/sl\/pravila-in-pogoji-rezervacije\/#breadcrumb","itemListElement":[{"@type":"ListItem","position":1,"name":"Home","item":"https:\/\/www.vilaalpina.si\/sl\/"},{"@type":"ListItem","position":2,"name":"Pravila in pogoji rezervacije"}]},{"@type":"WebSite","@id":"https:\/\/www.vilaalpina.si\/sl\/#website","url":"https:\/\/www.vilaalpina.si\/sl\/","name":"Vila Alpina","description":"Vila Alpina, A Boutique Guesthouse in Lake Bled","publisher":{"@id":"https:\/\/www.vilaalpina.si\/sl\/#organization"},"potentialAction":[{"@type":"SearchAction","target":{"@type":"EntryPoint","urlTemplate":"https:\/\/www.vilaalpina.si\/sl\/?s={search_term_string}"},"query-input":{"@type":"PropertyValueSpecification","valueRequired":true,"valueName":"search_term_string"}}],"inLanguage":"sl-SI"},{"@type":"Organization","@id":"https:\/\/www.vilaalpina.si\/sl\/#organization","name":"Vila Alpina","url":"https:\/\/www.vilaalpina.si\/sl\/","logo":{"@type":"ImageObject","inLanguage":"sl-SI","@id":"https:\/\/www.vilaalpina.si\/sl\/#\/schema\/logo\/image\/","url":"https:\/\/www.vilaalpina.si\/wp-content\/uploads\/sites\/3\/2021\/03\/logo-vila-alpina-color.svg","contentUrl":"https:\/\/www.vilaalpina.si\/wp-content\/uploads\/sites\/3\/2021\/03\/logo-vila-alpina-color.svg","width":1,"height":1,"caption":"Vila Alpina"},"image":{"@id":"https:\/\/www.vilaalpina.si\/sl\/#\/schema\/logo\/image\/"},"sameAs":["https:\/\/www.facebook.com\/vilaalpinabled","https:\/\/www.instagram.com\/vilaalpinabled","https:\/\/www.linkedin.com\/company\/burjahotels"]}]}},"_links":{"self":[{"href":"https:\/\/www.vilaalpina.si\/sl\/wp-json\/wp\/v2\/pages\/1479","targetHints":{"allow":["GET"]}}],"collection":[{"href":"https:\/\/www.vilaalpina.si\/sl\/wp-json\/wp\/v2\/pages"}],"about":[{"href":"https:\/\/www.vilaalpina.si\/sl\/wp-json\/wp\/v2\/types\/page"}],"author":[{"embeddable":true,"href":"https:\/\/www.vilaalpina.si\/sl\/wp-json\/wp\/v2\/users\/1"}],"replies":[{"embeddable":true,"href":"https:\/\/www.vilaalpina.si\/sl\/wp-json\/wp\/v2\/comments?post=1479"}],"version-history":[{"count":43,"href":"https:\/\/www.vilaalpina.si\/sl\/wp-json\/wp\/v2\/pages\/1479\/revisions"}],"predecessor-version":[{"id":7009,"href":"https:\/\/www.vilaalpina.si\/sl\/wp-json\/wp\/v2\/pages\/1479\/revisions\/7009"}],"wp:attachment":[{"href":"https:\/\/www.vilaalpina.si\/sl\/wp-json\/wp\/v2\/media?parent=1479"}],"curies":[{"name":"wp","href":"https:\/\/api.w.org\/{rel}","templated":true}]}}