{"id":1468,"date":"2021-03-25T12:53:01","date_gmt":"2021-03-25T12:53:01","guid":{"rendered":"https:\/\/www.vilaalpina.si\/discover\/"},"modified":"2025-02-01T15:15:56","modified_gmt":"2025-02-01T14:15:56","slug":"odkrijte","status":"publish","type":"page","link":"https:\/\/www.vilaalpina.si\/sl\/odkrijte\/","title":{"rendered":"Odkrijte"},"content":{"rendered":"","protected":false},"excerpt":{"rendered":"<p> [&#8230;]<\/p>\n<p><a class=\"btn btn-secondary understrap-read-more-link\" href=\"https:\/\/www.vilaalpina.si\/sl\/odkrijte\/\">Preberi ve\u010d\u2026<\/a><\/p>\n","protected":false},"author":1,"featured_media":4868,"parent":0,"menu_order":0,"comment_status":"closed","ping_status":"closed","template":"page-templates\/content-discover.php","meta":{"_acf_changed":false,"footnotes":""},"class_list":["post-1468","page","type-page","status-publish","has-post-thumbnail","hentry"],"acf":[],"yoast_head":"<!-- This site is optimized with the Yoast SEO plugin v27.1.1 - https:\/\/yoast.com\/product\/yoast-seo-wordpress\/ -->\n<title>Najbolj\u0161e izku\u0161nje na Bledu \u2013 Vila Alpina priporo\u010da | Burja Hotels<\/title>\n<meta name=\"description\" content=\"Razi\u0161\u010dite lepote Bleda in njegove okolice z namigi Vile Alpina. Od naravnih \u010dudes do kulturnih znamenitosti \u2013 odkrijte vse, kar ponuja Slovenija.\" \/>\n<meta name=\"robots\" content=\"index, follow, max-snippet:-1, max-image-preview:large, max-video-preview:-1\" \/>\n<link rel=\"canonical\" href=\"https:\/\/www.vilaalpina.si\/sl\/odkrijte\/\" \/>\n<meta property=\"og:locale\" content=\"sl_SI\" \/>\n<meta property=\"og:type\" content=\"article\" \/>\n<meta property=\"og:title\" content=\"Odkrijte Bled z Vila Alpina | Burja Hotels\" \/>\n<meta property=\"og:description\" content=\"Izkoristite prilo\u017enosti, ki jo nudi Vila Alpina in odkrijte lepote Bleda. Dovolite, da vas navidhnemo z na\u0161imi insajderskimi namigi.\" \/>\n<meta property=\"og:url\" content=\"https:\/\/www.vilaalpina.si\/sl\/odkrijte\/\" \/>\n<meta property=\"og:site_name\" content=\"Vila Alpina\" \/>\n<meta property=\"article:publisher\" content=\"https:\/\/www.facebook.com\/vilaalpinabled\" \/>\n<meta property=\"article:modified_time\" content=\"2025-02-01T14:15:56+00:00\" \/>\n<meta name=\"twitter:card\" content=\"summary_large_image\" \/>\n<meta name=\"twitter:title\" content=\"Odkrijte Bled z Vila Alpina | Burja Hotels\" \/>\n<meta name=\"twitter:description\" content=\"Izkoristite prilo\u017enosti, ki jo nudi Vila Alpina in odkrijte lepote Bleda. Dovolite, da vas navidhnemo z na\u0161imi insajderskimi namigi.\" \/>\n<meta name=\"twitter:label1\" content=\"Est. reading time\" \/>\n\t<meta name=\"twitter:data1\" content=\"1 minuta\" \/>\n<script type=\"application\/ld+json\" class=\"yoast-schema-graph\">{\"@context\":\"https:\/\/schema.org\",\"@graph\":[{\"@type\":\"WebPage\",\"@id\":\"https:\/\/www.vilaalpina.si\/sl\/odkrijte\/\",\"url\":\"https:\/\/www.vilaalpina.si\/sl\/odkrijte\/\",\"name\":\"Najbolj\u0161e izku\u0161nje na Bledu \u2013 Vila Alpina priporo\u010da | Burja Hotels\",\"isPartOf\":{\"@id\":\"https:\/\/www.vilaalpina.si\/sl\/#website\"},\"primaryImageOfPage\":{\"@id\":\"https:\/\/www.vilaalpina.si\/sl\/odkrijte\/#primaryimage\"},\"image\":{\"@id\":\"https:\/\/www.vilaalpina.si\/sl\/odkrijte\/#primaryimage\"},\"thumbnailUrl\":\"https:\/\/www.vilaalpina.si\/wp-content\/uploads\/sites\/3\/2023\/01\/WEB-VILA_ALPINA-DISCOVER-HERO_DESKTOP-01.jpg\",\"datePublished\":\"2021-03-25T12:53:01+00:00\",\"dateModified\":\"2025-02-01T14:15:56+00:00\",\"description\":\"Razi\u0161\u010dite lepote Bleda in njegove okolice z namigi Vile Alpina. Od naravnih \u010dudes do kulturnih znamenitosti \u2013 odkrijte vse, kar ponuja Slovenija.\",\"breadcrumb\":{\"@id\":\"https:\/\/www.vilaalpina.si\/sl\/odkrijte\/#breadcrumb\"},\"inLanguage\":\"sl-SI\",\"potentialAction\":[{\"@type\":\"ReadAction\",\"target\":[\"https:\/\/www.vilaalpina.si\/sl\/odkrijte\/\"]}]},{\"@type\":\"ImageObject\",\"inLanguage\":\"sl-SI\",\"@id\":\"https:\/\/www.vilaalpina.si\/sl\/odkrijte\/#primaryimage\",\"url\":\"https:\/\/www.vilaalpina.si\/wp-content\/uploads\/sites\/3\/2023\/01\/WEB-VILA_ALPINA-DISCOVER-HERO_DESKTOP-01.jpg\",\"contentUrl\":\"https:\/\/www.vilaalpina.si\/wp-content\/uploads\/sites\/3\/2023\/01\/WEB-VILA_ALPINA-DISCOVER-HERO_DESKTOP-01.jpg\",\"width\":2000,\"height\":1000},{\"@type\":\"BreadcrumbList\",\"@id\":\"https:\/\/www.vilaalpina.si\/sl\/odkrijte\/#breadcrumb\",\"itemListElement\":[{\"@type\":\"ListItem\",\"position\":1,\"name\":\"Home\",\"item\":\"https:\/\/www.vilaalpina.si\/sl\/\"},{\"@type\":\"ListItem\",\"position\":2,\"name\":\"Odkrijte\"}]},{\"@type\":\"WebSite\",\"@id\":\"https:\/\/www.vilaalpina.si\/sl\/#website\",\"url\":\"https:\/\/www.vilaalpina.si\/sl\/\",\"name\":\"Vila Alpina\",\"description\":\"Vila Alpina, A Boutique Guesthouse in Lake Bled\",\"publisher\":{\"@id\":\"https:\/\/www.vilaalpina.si\/sl\/#organization\"},\"potentialAction\":[{\"@type\":\"SearchAction\",\"target\":{\"@type\":\"EntryPoint\",\"urlTemplate\":\"https:\/\/www.vilaalpina.si\/sl\/?s={search_term_string}\"},\"query-input\":{\"@type\":\"PropertyValueSpecification\",\"valueRequired\":true,\"valueName\":\"search_term_string\"}}],\"inLanguage\":\"sl-SI\"},{\"@type\":\"Organization\",\"@id\":\"https:\/\/www.vilaalpina.si\/sl\/#organization\",\"name\":\"Vila Alpina\",\"url\":\"https:\/\/www.vilaalpina.si\/sl\/\",\"logo\":{\"@type\":\"ImageObject\",\"inLanguage\":\"sl-SI\",\"@id\":\"https:\/\/www.vilaalpina.si\/sl\/#\/schema\/logo\/image\/\",\"url\":\"https:\/\/www.vilaalpina.si\/wp-content\/uploads\/sites\/3\/2021\/03\/logo-vila-alpina-color.svg\",\"contentUrl\":\"https:\/\/www.vilaalpina.si\/wp-content\/uploads\/sites\/3\/2021\/03\/logo-vila-alpina-color.svg\",\"width\":1,\"height\":1,\"caption\":\"Vila Alpina\"},\"image\":{\"@id\":\"https:\/\/www.vilaalpina.si\/sl\/#\/schema\/logo\/image\/\"},\"sameAs\":[\"https:\/\/www.facebook.com\/vilaalpinabled\",\"https:\/\/www.instagram.com\/vilaalpinabled\",\"https:\/\/www.linkedin.com\/company\/burjahotels\"]}]}<\/script>\n<!-- \/ Yoast SEO plugin. -->","yoast_head_json":{"title":"Najbolj\u0161e izku\u0161nje na Bledu \u2013 Vila Alpina priporo\u010da | Burja Hotels","description":"Razi\u0161\u010dite lepote Bleda in njegove okolice z namigi Vile Alpina. Od naravnih \u010dudes do kulturnih znamenitosti \u2013 odkrijte vse, kar ponuja Slovenija.","robots":{"index":"index","follow":"follow","max-snippet":"max-snippet:-1","max-image-preview":"max-image-preview:large","max-video-preview":"max-video-preview:-1"},"canonical":"https:\/\/www.vilaalpina.si\/sl\/odkrijte\/","og_locale":"sl_SI","og_type":"article","og_title":"Odkrijte Bled z Vila Alpina | Burja Hotels","og_description":"Izkoristite prilo\u017enosti, ki jo nudi Vila Alpina in odkrijte lepote Bleda. Dovolite, da vas navidhnemo z na\u0161imi insajderskimi namigi.","og_url":"https:\/\/www.vilaalpina.si\/sl\/odkrijte\/","og_site_name":"Vila Alpina","article_publisher":"https:\/\/www.facebook.com\/vilaalpinabled","article_modified_time":"2025-02-01T14:15:56+00:00","twitter_card":"summary_large_image","twitter_title":"Odkrijte Bled z Vila Alpina | Burja Hotels","twitter_description":"Izkoristite prilo\u017enosti, ki jo nudi Vila Alpina in odkrijte lepote Bleda. Dovolite, da vas navidhnemo z na\u0161imi insajderskimi namigi.","twitter_misc":{"Est. reading time":"1 minuta"},"schema":{"@context":"https:\/\/schema.org","@graph":[{"@type":"WebPage","@id":"https:\/\/www.vilaalpina.si\/sl\/odkrijte\/","url":"https:\/\/www.vilaalpina.si\/sl\/odkrijte\/","name":"Najbolj\u0161e izku\u0161nje na Bledu \u2013 Vila Alpina priporo\u010da | Burja Hotels","isPartOf":{"@id":"https:\/\/www.vilaalpina.si\/sl\/#website"},"primaryImageOfPage":{"@id":"https:\/\/www.vilaalpina.si\/sl\/odkrijte\/#primaryimage"},"image":{"@id":"https:\/\/www.vilaalpina.si\/sl\/odkrijte\/#primaryimage"},"thumbnailUrl":"https:\/\/www.vilaalpina.si\/wp-content\/uploads\/sites\/3\/2023\/01\/WEB-VILA_ALPINA-DISCOVER-HERO_DESKTOP-01.jpg","datePublished":"2021-03-25T12:53:01+00:00","dateModified":"2025-02-01T14:15:56+00:00","description":"Razi\u0161\u010dite lepote Bleda in njegove okolice z namigi Vile Alpina. Od naravnih \u010dudes do kulturnih znamenitosti \u2013 odkrijte vse, kar ponuja Slovenija.","breadcrumb":{"@id":"https:\/\/www.vilaalpina.si\/sl\/odkrijte\/#breadcrumb"},"inLanguage":"sl-SI","potentialAction":[{"@type":"ReadAction","target":["https:\/\/www.vilaalpina.si\/sl\/odkrijte\/"]}]},{"@type":"ImageObject","inLanguage":"sl-SI","@id":"https:\/\/www.vilaalpina.si\/sl\/odkrijte\/#primaryimage","url":"https:\/\/www.vilaalpina.si\/wp-content\/uploads\/sites\/3\/2023\/01\/WEB-VILA_ALPINA-DISCOVER-HERO_DESKTOP-01.jpg","contentUrl":"https:\/\/www.vilaalpina.si\/wp-content\/uploads\/sites\/3\/2023\/01\/WEB-VILA_ALPINA-DISCOVER-HERO_DESKTOP-01.jpg","width":2000,"height":1000},{"@type":"BreadcrumbList","@id":"https:\/\/www.vilaalpina.si\/sl\/odkrijte\/#breadcrumb","itemListElement":[{"@type":"ListItem","position":1,"name":"Home","item":"https:\/\/www.vilaalpina.si\/sl\/"},{"@type":"ListItem","position":2,"name":"Odkrijte"}]},{"@type":"WebSite","@id":"https:\/\/www.vilaalpina.si\/sl\/#website","url":"https:\/\/www.vilaalpina.si\/sl\/","name":"Vila Alpina","description":"Vila Alpina, A Boutique Guesthouse in Lake Bled","publisher":{"@id":"https:\/\/www.vilaalpina.si\/sl\/#organization"},"potentialAction":[{"@type":"SearchAction","target":{"@type":"EntryPoint","urlTemplate":"https:\/\/www.vilaalpina.si\/sl\/?s={search_term_string}"},"query-input":{"@type":"PropertyValueSpecification","valueRequired":true,"valueName":"search_term_string"}}],"inLanguage":"sl-SI"},{"@type":"Organization","@id":"https:\/\/www.vilaalpina.si\/sl\/#organization","name":"Vila Alpina","url":"https:\/\/www.vilaalpina.si\/sl\/","logo":{"@type":"ImageObject","inLanguage":"sl-SI","@id":"https:\/\/www.vilaalpina.si\/sl\/#\/schema\/logo\/image\/","url":"https:\/\/www.vilaalpina.si\/wp-content\/uploads\/sites\/3\/2021\/03\/logo-vila-alpina-color.svg","contentUrl":"https:\/\/www.vilaalpina.si\/wp-content\/uploads\/sites\/3\/2021\/03\/logo-vila-alpina-color.svg","width":1,"height":1,"caption":"Vila Alpina"},"image":{"@id":"https:\/\/www.vilaalpina.si\/sl\/#\/schema\/logo\/image\/"},"sameAs":["https:\/\/www.facebook.com\/vilaalpinabled","https:\/\/www.instagram.com\/vilaalpinabled","https:\/\/www.linkedin.com\/company\/burjahotels"]}]}},"_links":{"self":[{"href":"https:\/\/www.vilaalpina.si\/sl\/wp-json\/wp\/v2\/pages\/1468","targetHints":{"allow":["GET"]}}],"collection":[{"href":"https:\/\/www.vilaalpina.si\/sl\/wp-json\/wp\/v2\/pages"}],"about":[{"href":"https:\/\/www.vilaalpina.si\/sl\/wp-json\/wp\/v2\/types\/page"}],"author":[{"embeddable":true,"href":"https:\/\/www.vilaalpina.si\/sl\/wp-json\/wp\/v2\/users\/1"}],"replies":[{"embeddable":true,"href":"https:\/\/www.vilaalpina.si\/sl\/wp-json\/wp\/v2\/comments?post=1468"}],"version-history":[{"count":19,"href":"https:\/\/www.vilaalpina.si\/sl\/wp-json\/wp\/v2\/pages\/1468\/revisions"}],"predecessor-version":[{"id":6923,"href":"https:\/\/www.vilaalpina.si\/sl\/wp-json\/wp\/v2\/pages\/1468\/revisions\/6923"}],"wp:featuredmedia":[{"embeddable":true,"href":"https:\/\/www.vilaalpina.si\/sl\/wp-json\/wp\/v2\/media\/4868"}],"wp:attachment":[{"href":"https:\/\/www.vilaalpina.si\/sl\/wp-json\/wp\/v2\/media?parent=1468"}],"curies":[{"name":"wp","href":"https:\/\/api.w.org\/{rel}","templated":true}]}}