{"id":1464,"date":"2021-03-25T12:38:50","date_gmt":"2021-03-25T12:38:50","guid":{"rendered":"https:\/\/www.vilaalpina.si\/cookie-policy\/"},"modified":"2022-10-02T12:43:25","modified_gmt":"2022-10-02T10:43:25","slug":"politika-piskotkov","status":"publish","type":"page","link":"https:\/\/www.vilaalpina.si\/sl\/politika-piskotkov\/","title":{"rendered":"Politika pi\u0161kotkov"},"content":{"rendered":"","protected":false},"excerpt":{"rendered":"<p> [&#8230;]<\/p>\n<p><a class=\"btn btn-secondary understrap-read-more-link\" href=\"https:\/\/www.vilaalpina.si\/sl\/politika-piskotkov\/\">Preberi ve\u010d\u2026<\/a><\/p>\n","protected":false},"author":1,"featured_media":0,"parent":0,"menu_order":0,"comment_status":"closed","ping_status":"closed","template":"page-templates\/content-general-page.php","meta":{"_acf_changed":false,"footnotes":""},"class_list":["post-1464","page","type-page","status-publish","hentry"],"acf":[],"yoast_head":"<!-- This site is optimized with the Yoast SEO plugin v27.1.1 - https:\/\/yoast.com\/product\/yoast-seo-wordpress\/ -->\n<title>Politika pi\u0161kotkov za Vila Alpina, Bled | Burja Hotels<\/title>\n<meta name=\"description\" content=\"Politika pi\u0161kotkov za Vila Alpina, ki ponuja buti\u010dne sobe na ekskluzivni lokaciji, le kratek sprehod od \u010dudovitega Blejskega jezera.\" \/>\n<meta name=\"robots\" content=\"index, follow, max-snippet:-1, max-image-preview:large, max-video-preview:-1\" \/>\n<link rel=\"canonical\" href=\"https:\/\/www.vilaalpina.si\/sl\/politika-piskotkov\/\" \/>\n<meta property=\"og:locale\" content=\"sl_SI\" \/>\n<meta property=\"og:type\" content=\"article\" \/>\n<meta property=\"og:title\" content=\"Politika pi\u0161kotkov za Vila Alpina na Bledu | Burja Hotels\" \/>\n<meta property=\"og:description\" content=\"Politika pi\u0161kotkov za Vila Alpina, ki ponuja buti\u010dne sobe na ekskluzivni lokaciji, le kratek sprehod od \u010dudovitega Blejskega jezera.\" \/>\n<meta property=\"og:url\" content=\"https:\/\/www.vilaalpina.si\/sl\/politika-piskotkov\/\" \/>\n<meta property=\"og:site_name\" content=\"Vila Alpina\" \/>\n<meta property=\"article:publisher\" content=\"https:\/\/www.facebook.com\/vilaalpinabled\" \/>\n<meta property=\"article:modified_time\" content=\"2022-10-02T10:43:25+00:00\" \/>\n<meta name=\"twitter:card\" content=\"summary_large_image\" \/>\n<meta name=\"twitter:title\" content=\"Politika pi\u0161kotkov za Vila Alpina na Bledu | Burja Hotels\" \/>\n<meta name=\"twitter:description\" content=\"Politika pi\u0161kotkov za Vila Alpina, ki ponuja buti\u010dne sobe na ekskluzivni lokaciji, le kratek sprehod od \u010dudovitega Blejskega jezera.\" \/>\n<script type=\"application\/ld+json\" class=\"yoast-schema-graph\">{\"@context\":\"https:\/\/schema.org\",\"@graph\":[{\"@type\":\"WebPage\",\"@id\":\"https:\/\/www.vilaalpina.si\/sl\/politika-piskotkov\/\",\"url\":\"https:\/\/www.vilaalpina.si\/sl\/politika-piskotkov\/\",\"name\":\"Politika pi\u0161kotkov za Vila Alpina, Bled | Burja Hotels\",\"isPartOf\":{\"@id\":\"https:\/\/www.vilaalpina.si\/sl\/#website\"},\"datePublished\":\"2021-03-25T12:38:50+00:00\",\"dateModified\":\"2022-10-02T10:43:25+00:00\",\"description\":\"Politika pi\u0161kotkov za Vila Alpina, ki ponuja buti\u010dne sobe na ekskluzivni lokaciji, le kratek sprehod od \u010dudovitega Blejskega jezera.\",\"breadcrumb\":{\"@id\":\"https:\/\/www.vilaalpina.si\/sl\/politika-piskotkov\/#breadcrumb\"},\"inLanguage\":\"sl-SI\",\"potentialAction\":[{\"@type\":\"ReadAction\",\"target\":[\"https:\/\/www.vilaalpina.si\/sl\/politika-piskotkov\/\"]}]},{\"@type\":\"BreadcrumbList\",\"@id\":\"https:\/\/www.vilaalpina.si\/sl\/politika-piskotkov\/#breadcrumb\",\"itemListElement\":[{\"@type\":\"ListItem\",\"position\":1,\"name\":\"Home\",\"item\":\"https:\/\/www.vilaalpina.si\/sl\/\"},{\"@type\":\"ListItem\",\"position\":2,\"name\":\"Politika pi\u0161kotkov\"}]},{\"@type\":\"WebSite\",\"@id\":\"https:\/\/www.vilaalpina.si\/sl\/#website\",\"url\":\"https:\/\/www.vilaalpina.si\/sl\/\",\"name\":\"Vila Alpina\",\"description\":\"Vila Alpina, A Boutique Guesthouse in Lake Bled\",\"publisher\":{\"@id\":\"https:\/\/www.vilaalpina.si\/sl\/#organization\"},\"potentialAction\":[{\"@type\":\"SearchAction\",\"target\":{\"@type\":\"EntryPoint\",\"urlTemplate\":\"https:\/\/www.vilaalpina.si\/sl\/?s={search_term_string}\"},\"query-input\":{\"@type\":\"PropertyValueSpecification\",\"valueRequired\":true,\"valueName\":\"search_term_string\"}}],\"inLanguage\":\"sl-SI\"},{\"@type\":\"Organization\",\"@id\":\"https:\/\/www.vilaalpina.si\/sl\/#organization\",\"name\":\"Vila Alpina\",\"url\":\"https:\/\/www.vilaalpina.si\/sl\/\",\"logo\":{\"@type\":\"ImageObject\",\"inLanguage\":\"sl-SI\",\"@id\":\"https:\/\/www.vilaalpina.si\/sl\/#\/schema\/logo\/image\/\",\"url\":\"https:\/\/www.vilaalpina.si\/wp-content\/uploads\/sites\/3\/2021\/03\/logo-vila-alpina-color.svg\",\"contentUrl\":\"https:\/\/www.vilaalpina.si\/wp-content\/uploads\/sites\/3\/2021\/03\/logo-vila-alpina-color.svg\",\"width\":1,\"height\":1,\"caption\":\"Vila Alpina\"},\"image\":{\"@id\":\"https:\/\/www.vilaalpina.si\/sl\/#\/schema\/logo\/image\/\"},\"sameAs\":[\"https:\/\/www.facebook.com\/vilaalpinabled\",\"https:\/\/www.instagram.com\/vilaalpinabled\",\"https:\/\/www.linkedin.com\/company\/burjahotels\"]}]}<\/script>\n<!-- \/ Yoast SEO plugin. -->","yoast_head_json":{"title":"Politika pi\u0161kotkov za Vila Alpina, Bled | Burja Hotels","description":"Politika pi\u0161kotkov za Vila Alpina, ki ponuja buti\u010dne sobe na ekskluzivni lokaciji, le kratek sprehod od \u010dudovitega Blejskega jezera.","robots":{"index":"index","follow":"follow","max-snippet":"max-snippet:-1","max-image-preview":"max-image-preview:large","max-video-preview":"max-video-preview:-1"},"canonical":"https:\/\/www.vilaalpina.si\/sl\/politika-piskotkov\/","og_locale":"sl_SI","og_type":"article","og_title":"Politika pi\u0161kotkov za Vila Alpina na Bledu | Burja Hotels","og_description":"Politika pi\u0161kotkov za Vila Alpina, ki ponuja buti\u010dne sobe na ekskluzivni lokaciji, le kratek sprehod od \u010dudovitega Blejskega jezera.","og_url":"https:\/\/www.vilaalpina.si\/sl\/politika-piskotkov\/","og_site_name":"Vila Alpina","article_publisher":"https:\/\/www.facebook.com\/vilaalpinabled","article_modified_time":"2022-10-02T10:43:25+00:00","twitter_card":"summary_large_image","twitter_title":"Politika pi\u0161kotkov za Vila Alpina na Bledu | Burja Hotels","twitter_description":"Politika pi\u0161kotkov za Vila Alpina, ki ponuja buti\u010dne sobe na ekskluzivni lokaciji, le kratek sprehod od \u010dudovitega Blejskega jezera.","schema":{"@context":"https:\/\/schema.org","@graph":[{"@type":"WebPage","@id":"https:\/\/www.vilaalpina.si\/sl\/politika-piskotkov\/","url":"https:\/\/www.vilaalpina.si\/sl\/politika-piskotkov\/","name":"Politika pi\u0161kotkov za Vila Alpina, Bled | Burja Hotels","isPartOf":{"@id":"https:\/\/www.vilaalpina.si\/sl\/#website"},"datePublished":"2021-03-25T12:38:50+00:00","dateModified":"2022-10-02T10:43:25+00:00","description":"Politika pi\u0161kotkov za Vila Alpina, ki ponuja buti\u010dne sobe na ekskluzivni lokaciji, le kratek sprehod od \u010dudovitega Blejskega jezera.","breadcrumb":{"@id":"https:\/\/www.vilaalpina.si\/sl\/politika-piskotkov\/#breadcrumb"},"inLanguage":"sl-SI","potentialAction":[{"@type":"ReadAction","target":["https:\/\/www.vilaalpina.si\/sl\/politika-piskotkov\/"]}]},{"@type":"BreadcrumbList","@id":"https:\/\/www.vilaalpina.si\/sl\/politika-piskotkov\/#breadcrumb","itemListElement":[{"@type":"ListItem","position":1,"name":"Home","item":"https:\/\/www.vilaalpina.si\/sl\/"},{"@type":"ListItem","position":2,"name":"Politika pi\u0161kotkov"}]},{"@type":"WebSite","@id":"https:\/\/www.vilaalpina.si\/sl\/#website","url":"https:\/\/www.vilaalpina.si\/sl\/","name":"Vila Alpina","description":"Vila Alpina, A Boutique Guesthouse in Lake Bled","publisher":{"@id":"https:\/\/www.vilaalpina.si\/sl\/#organization"},"potentialAction":[{"@type":"SearchAction","target":{"@type":"EntryPoint","urlTemplate":"https:\/\/www.vilaalpina.si\/sl\/?s={search_term_string}"},"query-input":{"@type":"PropertyValueSpecification","valueRequired":true,"valueName":"search_term_string"}}],"inLanguage":"sl-SI"},{"@type":"Organization","@id":"https:\/\/www.vilaalpina.si\/sl\/#organization","name":"Vila Alpina","url":"https:\/\/www.vilaalpina.si\/sl\/","logo":{"@type":"ImageObject","inLanguage":"sl-SI","@id":"https:\/\/www.vilaalpina.si\/sl\/#\/schema\/logo\/image\/","url":"https:\/\/www.vilaalpina.si\/wp-content\/uploads\/sites\/3\/2021\/03\/logo-vila-alpina-color.svg","contentUrl":"https:\/\/www.vilaalpina.si\/wp-content\/uploads\/sites\/3\/2021\/03\/logo-vila-alpina-color.svg","width":1,"height":1,"caption":"Vila Alpina"},"image":{"@id":"https:\/\/www.vilaalpina.si\/sl\/#\/schema\/logo\/image\/"},"sameAs":["https:\/\/www.facebook.com\/vilaalpinabled","https:\/\/www.instagram.com\/vilaalpinabled","https:\/\/www.linkedin.com\/company\/burjahotels"]}]}},"_links":{"self":[{"href":"https:\/\/www.vilaalpina.si\/sl\/wp-json\/wp\/v2\/pages\/1464","targetHints":{"allow":["GET"]}}],"collection":[{"href":"https:\/\/www.vilaalpina.si\/sl\/wp-json\/wp\/v2\/pages"}],"about":[{"href":"https:\/\/www.vilaalpina.si\/sl\/wp-json\/wp\/v2\/types\/page"}],"author":[{"embeddable":true,"href":"https:\/\/www.vilaalpina.si\/sl\/wp-json\/wp\/v2\/users\/1"}],"replies":[{"embeddable":true,"href":"https:\/\/www.vilaalpina.si\/sl\/wp-json\/wp\/v2\/comments?post=1464"}],"version-history":[{"count":4,"href":"https:\/\/www.vilaalpina.si\/sl\/wp-json\/wp\/v2\/pages\/1464\/revisions"}],"predecessor-version":[{"id":3156,"href":"https:\/\/www.vilaalpina.si\/sl\/wp-json\/wp\/v2\/pages\/1464\/revisions\/3156"}],"wp:attachment":[{"href":"https:\/\/www.vilaalpina.si\/sl\/wp-json\/wp\/v2\/media?parent=1464"}],"curies":[{"name":"wp","href":"https:\/\/api.w.org\/{rel}","templated":true}]}}