{"id":1462,"date":"2021-03-25T09:51:43","date_gmt":"2021-03-25T09:51:43","guid":{"rendered":"https:\/\/www.vilaalpina.si\/accommodation\/"},"modified":"2025-01-28T19:31:19","modified_gmt":"2025-01-28T18:31:19","slug":"sobe","status":"publish","type":"page","link":"https:\/\/www.vilaalpina.si\/sl\/sobe\/","title":{"rendered":"Sobe"},"content":{"rendered":"","protected":false},"excerpt":{"rendered":"<p> [&#8230;]<\/p>\n<p><a class=\"btn btn-secondary understrap-read-more-link\" href=\"https:\/\/www.vilaalpina.si\/sl\/sobe\/\">Preberi ve\u010d\u2026<\/a><\/p>\n","protected":false},"author":1,"featured_media":4798,"parent":0,"menu_order":0,"comment_status":"closed","ping_status":"closed","template":"page-templates\/content-accomodations.php","meta":{"_acf_changed":false,"footnotes":""},"class_list":["post-1462","page","type-page","status-publish","has-post-thumbnail","hentry"],"acf":[],"yoast_head":"<!-- This site is optimized with the Yoast SEO plugin v27.1.1 - https:\/\/yoast.com\/product\/yoast-seo-wordpress\/ -->\n<title>Sodoben oddih na Bledu \u2013 Sobe v Vili Alpina | Burja Hotels<\/title>\n<meta name=\"description\" content=\"Do\u017eivite popolno udobje in mir v sobah Vile Alpina, le nekaj minut od \u010dudovitega Blejskega jezera. Odkrijte nepozabno izku\u0161njo v osr\u010dju Slovenije. Rezervirajte zdaj!\" \/>\n<meta name=\"robots\" content=\"index, follow, max-snippet:-1, max-image-preview:large, max-video-preview:-1\" \/>\n<link rel=\"canonical\" href=\"https:\/\/www.vilaalpina.si\/sl\/sobe\/\" \/>\n<meta property=\"og:locale\" content=\"sl_SI\" \/>\n<meta property=\"og:type\" content=\"article\" \/>\n<meta property=\"og:title\" content=\"Buti\u010dne sobe v Vili Alpina na Bledu | Burja Hotels\" \/>\n<meta property=\"og:description\" content=\"Vila Alpina ponuja moderne in elegantne sobe na Bledu, ki so sinonim udobja, sprostitve in u\u017eivanja miru, ki ga nudi okolica.\" \/>\n<meta property=\"og:url\" content=\"https:\/\/www.vilaalpina.si\/sl\/sobe\/\" \/>\n<meta property=\"og:site_name\" content=\"Vila Alpina\" \/>\n<meta property=\"article:publisher\" content=\"https:\/\/www.facebook.com\/vilaalpinabled\" \/>\n<meta property=\"article:modified_time\" content=\"2025-01-28T18:31:19+00:00\" \/>\n<meta name=\"twitter:card\" content=\"summary_large_image\" \/>\n<meta name=\"twitter:title\" content=\"Buti\u010dne sobe v Vili Alpina na Bledu | Burja Hotels\" \/>\n<meta name=\"twitter:description\" content=\"Vila Alpina ponuja moderne in elegantne sobe na Bledu, ki so sinonim udobja, sprostitve in u\u017eivanja miru, ki ga nudi okolica.\" \/>\n<meta name=\"twitter:label1\" content=\"Est. reading time\" \/>\n\t<meta name=\"twitter:data1\" content=\"1 minuta\" \/>\n<script type=\"application\/ld+json\" class=\"yoast-schema-graph\">{\"@context\":\"https:\/\/schema.org\",\"@graph\":[{\"@type\":\"WebPage\",\"@id\":\"https:\/\/www.vilaalpina.si\/sl\/sobe\/\",\"url\":\"https:\/\/www.vilaalpina.si\/sl\/sobe\/\",\"name\":\"Sodoben oddih na Bledu \u2013 Sobe v Vili Alpina | Burja Hotels\",\"isPartOf\":{\"@id\":\"https:\/\/www.vilaalpina.si\/sl\/#website\"},\"primaryImageOfPage\":{\"@id\":\"https:\/\/www.vilaalpina.si\/sl\/sobe\/#primaryimage\"},\"image\":{\"@id\":\"https:\/\/www.vilaalpina.si\/sl\/sobe\/#primaryimage\"},\"thumbnailUrl\":\"https:\/\/www.vilaalpina.si\/wp-content\/uploads\/sites\/3\/2023\/01\/WEB-VILA_ALPINA-ACCOMMODATION-HERO_DESKTOP-01.jpg\",\"datePublished\":\"2021-03-25T09:51:43+00:00\",\"dateModified\":\"2025-01-28T18:31:19+00:00\",\"description\":\"Do\u017eivite popolno udobje in mir v sobah Vile Alpina, le nekaj minut od \u010dudovitega Blejskega jezera. Odkrijte nepozabno izku\u0161njo v osr\u010dju Slovenije. Rezervirajte zdaj!\",\"breadcrumb\":{\"@id\":\"https:\/\/www.vilaalpina.si\/sl\/sobe\/#breadcrumb\"},\"inLanguage\":\"sl-SI\",\"potentialAction\":[{\"@type\":\"ReadAction\",\"target\":[\"https:\/\/www.vilaalpina.si\/sl\/sobe\/\"]}]},{\"@type\":\"ImageObject\",\"inLanguage\":\"sl-SI\",\"@id\":\"https:\/\/www.vilaalpina.si\/sl\/sobe\/#primaryimage\",\"url\":\"https:\/\/www.vilaalpina.si\/wp-content\/uploads\/sites\/3\/2023\/01\/WEB-VILA_ALPINA-ACCOMMODATION-HERO_DESKTOP-01.jpg\",\"contentUrl\":\"https:\/\/www.vilaalpina.si\/wp-content\/uploads\/sites\/3\/2023\/01\/WEB-VILA_ALPINA-ACCOMMODATION-HERO_DESKTOP-01.jpg\",\"width\":2000,\"height\":1000,\"caption\":\"Vila Alpina - Accommodation at Lake Bled, Slovenia\"},{\"@type\":\"BreadcrumbList\",\"@id\":\"https:\/\/www.vilaalpina.si\/sl\/sobe\/#breadcrumb\",\"itemListElement\":[{\"@type\":\"ListItem\",\"position\":1,\"name\":\"Home\",\"item\":\"https:\/\/www.vilaalpina.si\/sl\/\"},{\"@type\":\"ListItem\",\"position\":2,\"name\":\"Sobe\"}]},{\"@type\":\"WebSite\",\"@id\":\"https:\/\/www.vilaalpina.si\/sl\/#website\",\"url\":\"https:\/\/www.vilaalpina.si\/sl\/\",\"name\":\"Vila Alpina\",\"description\":\"Vila Alpina, A Boutique Guesthouse in Lake Bled\",\"publisher\":{\"@id\":\"https:\/\/www.vilaalpina.si\/sl\/#organization\"},\"potentialAction\":[{\"@type\":\"SearchAction\",\"target\":{\"@type\":\"EntryPoint\",\"urlTemplate\":\"https:\/\/www.vilaalpina.si\/sl\/?s={search_term_string}\"},\"query-input\":{\"@type\":\"PropertyValueSpecification\",\"valueRequired\":true,\"valueName\":\"search_term_string\"}}],\"inLanguage\":\"sl-SI\"},{\"@type\":\"Organization\",\"@id\":\"https:\/\/www.vilaalpina.si\/sl\/#organization\",\"name\":\"Vila Alpina\",\"url\":\"https:\/\/www.vilaalpina.si\/sl\/\",\"logo\":{\"@type\":\"ImageObject\",\"inLanguage\":\"sl-SI\",\"@id\":\"https:\/\/www.vilaalpina.si\/sl\/#\/schema\/logo\/image\/\",\"url\":\"https:\/\/www.vilaalpina.si\/wp-content\/uploads\/sites\/3\/2021\/03\/logo-vila-alpina-color.svg\",\"contentUrl\":\"https:\/\/www.vilaalpina.si\/wp-content\/uploads\/sites\/3\/2021\/03\/logo-vila-alpina-color.svg\",\"width\":1,\"height\":1,\"caption\":\"Vila Alpina\"},\"image\":{\"@id\":\"https:\/\/www.vilaalpina.si\/sl\/#\/schema\/logo\/image\/\"},\"sameAs\":[\"https:\/\/www.facebook.com\/vilaalpinabled\",\"https:\/\/www.instagram.com\/vilaalpinabled\",\"https:\/\/www.linkedin.com\/company\/burjahotels\"]}]}<\/script>\n<!-- \/ Yoast SEO plugin. -->","yoast_head_json":{"title":"Sodoben oddih na Bledu \u2013 Sobe v Vili Alpina | Burja Hotels","description":"Do\u017eivite popolno udobje in mir v sobah Vile Alpina, le nekaj minut od \u010dudovitega Blejskega jezera. Odkrijte nepozabno izku\u0161njo v osr\u010dju Slovenije. Rezervirajte zdaj!","robots":{"index":"index","follow":"follow","max-snippet":"max-snippet:-1","max-image-preview":"max-image-preview:large","max-video-preview":"max-video-preview:-1"},"canonical":"https:\/\/www.vilaalpina.si\/sl\/sobe\/","og_locale":"sl_SI","og_type":"article","og_title":"Buti\u010dne sobe v Vili Alpina na Bledu | Burja Hotels","og_description":"Vila Alpina ponuja moderne in elegantne sobe na Bledu, ki so sinonim udobja, sprostitve in u\u017eivanja miru, ki ga nudi okolica.","og_url":"https:\/\/www.vilaalpina.si\/sl\/sobe\/","og_site_name":"Vila Alpina","article_publisher":"https:\/\/www.facebook.com\/vilaalpinabled","article_modified_time":"2025-01-28T18:31:19+00:00","twitter_card":"summary_large_image","twitter_title":"Buti\u010dne sobe v Vili Alpina na Bledu | Burja Hotels","twitter_description":"Vila Alpina ponuja moderne in elegantne sobe na Bledu, ki so sinonim udobja, sprostitve in u\u017eivanja miru, ki ga nudi okolica.","twitter_misc":{"Est. reading time":"1 minuta"},"schema":{"@context":"https:\/\/schema.org","@graph":[{"@type":"WebPage","@id":"https:\/\/www.vilaalpina.si\/sl\/sobe\/","url":"https:\/\/www.vilaalpina.si\/sl\/sobe\/","name":"Sodoben oddih na Bledu \u2013 Sobe v Vili Alpina | Burja Hotels","isPartOf":{"@id":"https:\/\/www.vilaalpina.si\/sl\/#website"},"primaryImageOfPage":{"@id":"https:\/\/www.vilaalpina.si\/sl\/sobe\/#primaryimage"},"image":{"@id":"https:\/\/www.vilaalpina.si\/sl\/sobe\/#primaryimage"},"thumbnailUrl":"https:\/\/www.vilaalpina.si\/wp-content\/uploads\/sites\/3\/2023\/01\/WEB-VILA_ALPINA-ACCOMMODATION-HERO_DESKTOP-01.jpg","datePublished":"2021-03-25T09:51:43+00:00","dateModified":"2025-01-28T18:31:19+00:00","description":"Do\u017eivite popolno udobje in mir v sobah Vile Alpina, le nekaj minut od \u010dudovitega Blejskega jezera. Odkrijte nepozabno izku\u0161njo v osr\u010dju Slovenije. Rezervirajte zdaj!","breadcrumb":{"@id":"https:\/\/www.vilaalpina.si\/sl\/sobe\/#breadcrumb"},"inLanguage":"sl-SI","potentialAction":[{"@type":"ReadAction","target":["https:\/\/www.vilaalpina.si\/sl\/sobe\/"]}]},{"@type":"ImageObject","inLanguage":"sl-SI","@id":"https:\/\/www.vilaalpina.si\/sl\/sobe\/#primaryimage","url":"https:\/\/www.vilaalpina.si\/wp-content\/uploads\/sites\/3\/2023\/01\/WEB-VILA_ALPINA-ACCOMMODATION-HERO_DESKTOP-01.jpg","contentUrl":"https:\/\/www.vilaalpina.si\/wp-content\/uploads\/sites\/3\/2023\/01\/WEB-VILA_ALPINA-ACCOMMODATION-HERO_DESKTOP-01.jpg","width":2000,"height":1000,"caption":"Vila Alpina - Accommodation at Lake Bled, Slovenia"},{"@type":"BreadcrumbList","@id":"https:\/\/www.vilaalpina.si\/sl\/sobe\/#breadcrumb","itemListElement":[{"@type":"ListItem","position":1,"name":"Home","item":"https:\/\/www.vilaalpina.si\/sl\/"},{"@type":"ListItem","position":2,"name":"Sobe"}]},{"@type":"WebSite","@id":"https:\/\/www.vilaalpina.si\/sl\/#website","url":"https:\/\/www.vilaalpina.si\/sl\/","name":"Vila Alpina","description":"Vila Alpina, A Boutique Guesthouse in Lake Bled","publisher":{"@id":"https:\/\/www.vilaalpina.si\/sl\/#organization"},"potentialAction":[{"@type":"SearchAction","target":{"@type":"EntryPoint","urlTemplate":"https:\/\/www.vilaalpina.si\/sl\/?s={search_term_string}"},"query-input":{"@type":"PropertyValueSpecification","valueRequired":true,"valueName":"search_term_string"}}],"inLanguage":"sl-SI"},{"@type":"Organization","@id":"https:\/\/www.vilaalpina.si\/sl\/#organization","name":"Vila Alpina","url":"https:\/\/www.vilaalpina.si\/sl\/","logo":{"@type":"ImageObject","inLanguage":"sl-SI","@id":"https:\/\/www.vilaalpina.si\/sl\/#\/schema\/logo\/image\/","url":"https:\/\/www.vilaalpina.si\/wp-content\/uploads\/sites\/3\/2021\/03\/logo-vila-alpina-color.svg","contentUrl":"https:\/\/www.vilaalpina.si\/wp-content\/uploads\/sites\/3\/2021\/03\/logo-vila-alpina-color.svg","width":1,"height":1,"caption":"Vila Alpina"},"image":{"@id":"https:\/\/www.vilaalpina.si\/sl\/#\/schema\/logo\/image\/"},"sameAs":["https:\/\/www.facebook.com\/vilaalpinabled","https:\/\/www.instagram.com\/vilaalpinabled","https:\/\/www.linkedin.com\/company\/burjahotels"]}]}},"_links":{"self":[{"href":"https:\/\/www.vilaalpina.si\/sl\/wp-json\/wp\/v2\/pages\/1462","targetHints":{"allow":["GET"]}}],"collection":[{"href":"https:\/\/www.vilaalpina.si\/sl\/wp-json\/wp\/v2\/pages"}],"about":[{"href":"https:\/\/www.vilaalpina.si\/sl\/wp-json\/wp\/v2\/types\/page"}],"author":[{"embeddable":true,"href":"https:\/\/www.vilaalpina.si\/sl\/wp-json\/wp\/v2\/users\/1"}],"replies":[{"embeddable":true,"href":"https:\/\/www.vilaalpina.si\/sl\/wp-json\/wp\/v2\/comments?post=1462"}],"version-history":[{"count":49,"href":"https:\/\/www.vilaalpina.si\/sl\/wp-json\/wp\/v2\/pages\/1462\/revisions"}],"predecessor-version":[{"id":6908,"href":"https:\/\/www.vilaalpina.si\/sl\/wp-json\/wp\/v2\/pages\/1462\/revisions\/6908"}],"wp:featuredmedia":[{"embeddable":true,"href":"https:\/\/www.vilaalpina.si\/sl\/wp-json\/wp\/v2\/media\/4798"}],"wp:attachment":[{"href":"https:\/\/www.vilaalpina.si\/sl\/wp-json\/wp\/v2\/media?parent=1462"}],"curies":[{"name":"wp","href":"https:\/\/api.w.org\/{rel}","templated":true}]}}