{"id":1458,"date":"2021-06-01T14:57:06","date_gmt":"2021-06-01T12:57:06","guid":{"rendered":"https:\/\/www.vilaalpina.si\/book-a-room\/"},"modified":"2025-01-19T14:45:45","modified_gmt":"2025-01-19T13:45:45","slug":"rezerviraj-zdaj","status":"publish","type":"page","link":"https:\/\/www.vilaalpina.si\/sl\/rezerviraj-zdaj\/","title":{"rendered":"Rezervirajte va\u0161o sobo"},"content":{"rendered":"","protected":false},"excerpt":{"rendered":"<p> [&#8230;]<\/p>\n<p><a class=\"btn btn-secondary understrap-read-more-link\" href=\"https:\/\/www.vilaalpina.si\/sl\/rezerviraj-zdaj\/\">Preberi ve\u010d\u2026<\/a><\/p>\n","protected":false},"author":1,"featured_media":4785,"parent":0,"menu_order":0,"comment_status":"closed","ping_status":"closed","template":"page-templates\/booking_form.php","meta":{"_acf_changed":false,"footnotes":""},"class_list":["post-1458","page","type-page","status-publish","has-post-thumbnail","hentry"],"acf":[],"yoast_head":"<!-- This site is optimized with the Yoast SEO plugin v27.1.1 - https:\/\/yoast.com\/product\/yoast-seo-wordpress\/ -->\n<title>Rezervirajte va\u0161o sobo | Vila Alpina, Bled | Burja Hotels<\/title>\n<meta name=\"description\" content=\"Vila Alpina vas vabi na spro\u0161\u010dujo\u010de do\u017eivetje v mirni in zeleni soseski, le kratek sprehod od \u010dudovitega Blejskega jezera.\" \/>\n<meta name=\"robots\" content=\"index, follow, max-snippet:-1, max-image-preview:large, max-video-preview:-1\" \/>\n<link rel=\"canonical\" href=\"https:\/\/www.vilaalpina.si\/sl\/rezerviraj-zdaj\/\" \/>\n<meta property=\"og:locale\" content=\"sl_SI\" \/>\n<meta property=\"og:type\" content=\"article\" \/>\n<meta property=\"og:title\" content=\"Rezervirajte va\u0161o sobo | Vila Alpina na Bledu | Burja Hotels\" \/>\n<meta property=\"og:description\" content=\"Vila Alpina je odli\u010dna izbira za zaslu\u017een oddih v mirni in zeleni soseski, le kratek sprehod od \u010dudovitega Blejskega jezera.\" \/>\n<meta property=\"og:url\" content=\"https:\/\/www.vilaalpina.si\/sl\/rezerviraj-zdaj\/\" \/>\n<meta property=\"og:site_name\" content=\"Vila Alpina\" \/>\n<meta property=\"article:publisher\" content=\"https:\/\/www.facebook.com\/vilaalpinabled\" \/>\n<meta property=\"article:modified_time\" content=\"2025-01-19T13:45:45+00:00\" \/>\n<meta name=\"twitter:card\" content=\"summary_large_image\" \/>\n<meta name=\"twitter:title\" content=\"Rezervirajte va\u0161o sobo | Vila Alpina na Bledu | Burja Hotels\" \/>\n<meta name=\"twitter:description\" content=\"Vila Alpina je odli\u010dna izbira za zaslu\u017een oddih v mirni in zeleni soseski, le kratek sprehod od \u010dudovitega Blejskega jezera.\" \/>\n<meta name=\"twitter:label1\" content=\"Est. reading time\" \/>\n\t<meta name=\"twitter:data1\" content=\"1 minuta\" \/>\n<script type=\"application\/ld+json\" class=\"yoast-schema-graph\">{\"@context\":\"https:\/\/schema.org\",\"@graph\":[{\"@type\":[\"WebPage\",\"SearchResultsPage\"],\"@id\":\"https:\/\/www.vilaalpina.si\/sl\/rezerviraj-zdaj\/\",\"url\":\"https:\/\/www.vilaalpina.si\/sl\/rezerviraj-zdaj\/\",\"name\":\"Rezervirajte va\u0161o sobo | Vila Alpina, Bled | Burja Hotels\",\"isPartOf\":{\"@id\":\"https:\/\/www.vilaalpina.si\/sl\/#website\"},\"primaryImageOfPage\":{\"@id\":\"https:\/\/www.vilaalpina.si\/sl\/rezerviraj-zdaj\/#primaryimage\"},\"image\":{\"@id\":\"https:\/\/www.vilaalpina.si\/sl\/rezerviraj-zdaj\/#primaryimage\"},\"thumbnailUrl\":\"https:\/\/www.vilaalpina.si\/wp-content\/uploads\/sites\/3\/2023\/01\/WEB-VILA_ALPINA-HOME-HERO_DESKTOP-01.jpg\",\"datePublished\":\"2021-06-01T12:57:06+00:00\",\"dateModified\":\"2025-01-19T13:45:45+00:00\",\"description\":\"Vila Alpina vas vabi na spro\u0161\u010dujo\u010de do\u017eivetje v mirni in zeleni soseski, le kratek sprehod od \u010dudovitega Blejskega jezera.\",\"breadcrumb\":{\"@id\":\"https:\/\/www.vilaalpina.si\/sl\/rezerviraj-zdaj\/#breadcrumb\"},\"inLanguage\":\"sl-SI\",\"potentialAction\":[{\"@type\":\"ReadAction\",\"target\":[\"https:\/\/www.vilaalpina.si\/sl\/rezerviraj-zdaj\/\"]}]},{\"@type\":\"ImageObject\",\"inLanguage\":\"sl-SI\",\"@id\":\"https:\/\/www.vilaalpina.si\/sl\/rezerviraj-zdaj\/#primaryimage\",\"url\":\"https:\/\/www.vilaalpina.si\/wp-content\/uploads\/sites\/3\/2023\/01\/WEB-VILA_ALPINA-HOME-HERO_DESKTOP-01.jpg\",\"contentUrl\":\"https:\/\/www.vilaalpina.si\/wp-content\/uploads\/sites\/3\/2023\/01\/WEB-VILA_ALPINA-HOME-HERO_DESKTOP-01.jpg\",\"width\":2000,\"height\":1000,\"caption\":\"Vila Alpina - Boutique Guesthouse at Lake Bled, Slovenia\"},{\"@type\":\"BreadcrumbList\",\"@id\":\"https:\/\/www.vilaalpina.si\/sl\/rezerviraj-zdaj\/#breadcrumb\",\"itemListElement\":[{\"@type\":\"ListItem\",\"position\":1,\"name\":\"Home\",\"item\":\"https:\/\/www.vilaalpina.si\/sl\/\"},{\"@type\":\"ListItem\",\"position\":2,\"name\":\"Rezervirajte va\u0161o sobo\"}]},{\"@type\":\"WebSite\",\"@id\":\"https:\/\/www.vilaalpina.si\/sl\/#website\",\"url\":\"https:\/\/www.vilaalpina.si\/sl\/\",\"name\":\"Vila Alpina\",\"description\":\"Vila Alpina, A Boutique Guesthouse in Lake Bled\",\"publisher\":{\"@id\":\"https:\/\/www.vilaalpina.si\/sl\/#organization\"},\"potentialAction\":[{\"@type\":\"SearchAction\",\"target\":{\"@type\":\"EntryPoint\",\"urlTemplate\":\"https:\/\/www.vilaalpina.si\/sl\/?s={search_term_string}\"},\"query-input\":{\"@type\":\"PropertyValueSpecification\",\"valueRequired\":true,\"valueName\":\"search_term_string\"}}],\"inLanguage\":\"sl-SI\"},{\"@type\":\"Organization\",\"@id\":\"https:\/\/www.vilaalpina.si\/sl\/#organization\",\"name\":\"Vila Alpina\",\"url\":\"https:\/\/www.vilaalpina.si\/sl\/\",\"logo\":{\"@type\":\"ImageObject\",\"inLanguage\":\"sl-SI\",\"@id\":\"https:\/\/www.vilaalpina.si\/sl\/#\/schema\/logo\/image\/\",\"url\":\"https:\/\/www.vilaalpina.si\/wp-content\/uploads\/sites\/3\/2021\/03\/logo-vila-alpina-color.svg\",\"contentUrl\":\"https:\/\/www.vilaalpina.si\/wp-content\/uploads\/sites\/3\/2021\/03\/logo-vila-alpina-color.svg\",\"width\":1,\"height\":1,\"caption\":\"Vila Alpina\"},\"image\":{\"@id\":\"https:\/\/www.vilaalpina.si\/sl\/#\/schema\/logo\/image\/\"},\"sameAs\":[\"https:\/\/www.facebook.com\/vilaalpinabled\",\"https:\/\/www.instagram.com\/vilaalpinabled\",\"https:\/\/www.linkedin.com\/company\/burjahotels\"]}]}<\/script>\n<!-- \/ Yoast SEO plugin. -->","yoast_head_json":{"title":"Rezervirajte va\u0161o sobo | Vila Alpina, Bled | Burja Hotels","description":"Vila Alpina vas vabi na spro\u0161\u010dujo\u010de do\u017eivetje v mirni in zeleni soseski, le kratek sprehod od \u010dudovitega Blejskega jezera.","robots":{"index":"index","follow":"follow","max-snippet":"max-snippet:-1","max-image-preview":"max-image-preview:large","max-video-preview":"max-video-preview:-1"},"canonical":"https:\/\/www.vilaalpina.si\/sl\/rezerviraj-zdaj\/","og_locale":"sl_SI","og_type":"article","og_title":"Rezervirajte va\u0161o sobo | Vila Alpina na Bledu | Burja Hotels","og_description":"Vila Alpina je odli\u010dna izbira za zaslu\u017een oddih v mirni in zeleni soseski, le kratek sprehod od \u010dudovitega Blejskega jezera.","og_url":"https:\/\/www.vilaalpina.si\/sl\/rezerviraj-zdaj\/","og_site_name":"Vila Alpina","article_publisher":"https:\/\/www.facebook.com\/vilaalpinabled","article_modified_time":"2025-01-19T13:45:45+00:00","twitter_card":"summary_large_image","twitter_title":"Rezervirajte va\u0161o sobo | Vila Alpina na Bledu | Burja Hotels","twitter_description":"Vila Alpina je odli\u010dna izbira za zaslu\u017een oddih v mirni in zeleni soseski, le kratek sprehod od \u010dudovitega Blejskega jezera.","twitter_misc":{"Est. reading time":"1 minuta"},"schema":{"@context":"https:\/\/schema.org","@graph":[{"@type":["WebPage","SearchResultsPage"],"@id":"https:\/\/www.vilaalpina.si\/sl\/rezerviraj-zdaj\/","url":"https:\/\/www.vilaalpina.si\/sl\/rezerviraj-zdaj\/","name":"Rezervirajte va\u0161o sobo | Vila Alpina, Bled | Burja Hotels","isPartOf":{"@id":"https:\/\/www.vilaalpina.si\/sl\/#website"},"primaryImageOfPage":{"@id":"https:\/\/www.vilaalpina.si\/sl\/rezerviraj-zdaj\/#primaryimage"},"image":{"@id":"https:\/\/www.vilaalpina.si\/sl\/rezerviraj-zdaj\/#primaryimage"},"thumbnailUrl":"https:\/\/www.vilaalpina.si\/wp-content\/uploads\/sites\/3\/2023\/01\/WEB-VILA_ALPINA-HOME-HERO_DESKTOP-01.jpg","datePublished":"2021-06-01T12:57:06+00:00","dateModified":"2025-01-19T13:45:45+00:00","description":"Vila Alpina vas vabi na spro\u0161\u010dujo\u010de do\u017eivetje v mirni in zeleni soseski, le kratek sprehod od \u010dudovitega Blejskega jezera.","breadcrumb":{"@id":"https:\/\/www.vilaalpina.si\/sl\/rezerviraj-zdaj\/#breadcrumb"},"inLanguage":"sl-SI","potentialAction":[{"@type":"ReadAction","target":["https:\/\/www.vilaalpina.si\/sl\/rezerviraj-zdaj\/"]}]},{"@type":"ImageObject","inLanguage":"sl-SI","@id":"https:\/\/www.vilaalpina.si\/sl\/rezerviraj-zdaj\/#primaryimage","url":"https:\/\/www.vilaalpina.si\/wp-content\/uploads\/sites\/3\/2023\/01\/WEB-VILA_ALPINA-HOME-HERO_DESKTOP-01.jpg","contentUrl":"https:\/\/www.vilaalpina.si\/wp-content\/uploads\/sites\/3\/2023\/01\/WEB-VILA_ALPINA-HOME-HERO_DESKTOP-01.jpg","width":2000,"height":1000,"caption":"Vila Alpina - Boutique Guesthouse at Lake Bled, Slovenia"},{"@type":"BreadcrumbList","@id":"https:\/\/www.vilaalpina.si\/sl\/rezerviraj-zdaj\/#breadcrumb","itemListElement":[{"@type":"ListItem","position":1,"name":"Home","item":"https:\/\/www.vilaalpina.si\/sl\/"},{"@type":"ListItem","position":2,"name":"Rezervirajte va\u0161o sobo"}]},{"@type":"WebSite","@id":"https:\/\/www.vilaalpina.si\/sl\/#website","url":"https:\/\/www.vilaalpina.si\/sl\/","name":"Vila Alpina","description":"Vila Alpina, A Boutique Guesthouse in Lake Bled","publisher":{"@id":"https:\/\/www.vilaalpina.si\/sl\/#organization"},"potentialAction":[{"@type":"SearchAction","target":{"@type":"EntryPoint","urlTemplate":"https:\/\/www.vilaalpina.si\/sl\/?s={search_term_string}"},"query-input":{"@type":"PropertyValueSpecification","valueRequired":true,"valueName":"search_term_string"}}],"inLanguage":"sl-SI"},{"@type":"Organization","@id":"https:\/\/www.vilaalpina.si\/sl\/#organization","name":"Vila Alpina","url":"https:\/\/www.vilaalpina.si\/sl\/","logo":{"@type":"ImageObject","inLanguage":"sl-SI","@id":"https:\/\/www.vilaalpina.si\/sl\/#\/schema\/logo\/image\/","url":"https:\/\/www.vilaalpina.si\/wp-content\/uploads\/sites\/3\/2021\/03\/logo-vila-alpina-color.svg","contentUrl":"https:\/\/www.vilaalpina.si\/wp-content\/uploads\/sites\/3\/2021\/03\/logo-vila-alpina-color.svg","width":1,"height":1,"caption":"Vila Alpina"},"image":{"@id":"https:\/\/www.vilaalpina.si\/sl\/#\/schema\/logo\/image\/"},"sameAs":["https:\/\/www.facebook.com\/vilaalpinabled","https:\/\/www.instagram.com\/vilaalpinabled","https:\/\/www.linkedin.com\/company\/burjahotels"]}]}},"_links":{"self":[{"href":"https:\/\/www.vilaalpina.si\/sl\/wp-json\/wp\/v2\/pages\/1458","targetHints":{"allow":["GET"]}}],"collection":[{"href":"https:\/\/www.vilaalpina.si\/sl\/wp-json\/wp\/v2\/pages"}],"about":[{"href":"https:\/\/www.vilaalpina.si\/sl\/wp-json\/wp\/v2\/types\/page"}],"author":[{"embeddable":true,"href":"https:\/\/www.vilaalpina.si\/sl\/wp-json\/wp\/v2\/users\/1"}],"replies":[{"embeddable":true,"href":"https:\/\/www.vilaalpina.si\/sl\/wp-json\/wp\/v2\/comments?post=1458"}],"version-history":[{"count":16,"href":"https:\/\/www.vilaalpina.si\/sl\/wp-json\/wp\/v2\/pages\/1458\/revisions"}],"predecessor-version":[{"id":6551,"href":"https:\/\/www.vilaalpina.si\/sl\/wp-json\/wp\/v2\/pages\/1458\/revisions\/6551"}],"wp:featuredmedia":[{"embeddable":true,"href":"https:\/\/www.vilaalpina.si\/sl\/wp-json\/wp\/v2\/media\/4785"}],"wp:attachment":[{"href":"https:\/\/www.vilaalpina.si\/sl\/wp-json\/wp\/v2\/media?parent=1458"}],"curies":[{"name":"wp","href":"https:\/\/api.w.org\/{rel}","templated":true}]}}